{"id":1331,"date":"2024-04-17T09:13:18","date_gmt":"2024-04-17T09:13:18","guid":{"rendered":"https:\/\/dubaifacile.fr\/?page_id=1331"},"modified":"2024-04-17T10:39:36","modified_gmt":"2024-04-17T10:39:36","slug":"merci","status":"publish","type":"page","link":"https:\/\/dubaifacile.fr\/it\/grazie\/","title":{"rendered":"L'escursione da non perdere a Dubai"},"content":{"rendered":"<p>In 7 minuti, riceverete la guida speciale di Dubai via e-mail.<br \/>\nNel frattempo leggete questa pagina, che vi interesser\u00e0:<\/p>\n<h2>Volete scoprire le migliori cose da fare a Dubai?<\/h2>\n<p><img decoding=\"async\" src=\"https:\/\/dubaifacile.fr\/wp-content\/uploads\/2024\/04\/montage-photo-excursion-dubai.png\" alt=\"montaggio foto escursione dubai\" width=\"900\" height=\"720\" class=\"alignnone size-full wp-image-1334\" srcset=\"https:\/\/dubaifacile.fr\/wp-content\/uploads\/2024\/04\/montage-photo-excursion-dubai.png 900w, https:\/\/dubaifacile.fr\/wp-content\/uploads\/2024\/04\/montage-photo-excursion-dubai-300x240.png 300w, https:\/\/dubaifacile.fr\/wp-content\/uploads\/2024\/04\/montage-photo-excursion-dubai-768x614.png 768w, https:\/\/dubaifacile.fr\/wp-content\/uploads\/2024\/04\/montage-photo-excursion-dubai-15x12.png 15w\" sizes=\"(max-width: 900px) 100vw, 900px\" \/><br \/>\nNon cercate oltre!<\/p>\n<p>Raccomando un <strong>Safari nel deserto di Dubai<\/strong>Questo \u00e8 un viaggio in cui farete un'attivit\u00e0 incredibile dopo l'altra!<\/p>\n<p><strong>Un cambio di scenario garantito!<\/strong><\/p>\n<p>Ecco l'elenco delle attivit\u00e0 incluse in questa indimenticabile escursione:<\/p>\n<ul>\n<li>fare \"\u00a0<strong>Dune Bashing<\/strong>\u00a0\"(giro delle dune di sabbia in 4\u00d74)<\/li>\n<li>fare <strong>Quad<\/strong> nel deserto (facoltativo se siete dei temerari!)<\/li>\n<li>fare <strong>windsurf<\/strong><\/li>\n<li><strong>Giro in cammello<\/strong> come un beduino<\/li>\n<li>vedere <strong>falchi<\/strong><\/li>\n<li>fare un tatuaggio all'henn\u00e9 (facoltativo, ovviamente)<\/li>\n<li>fumare la shisha (facoltativo, ovviamente)<\/li>\n<li>a <strong>cena barbecue nel deserto davanti a uno spettacolo di danza e fuoco<\/strong> impressionante<\/li>\n<\/ul>\n<p>&#8211;> <a href=\"https:\/\/www.tiqets.com\/fr\/activites-attractions-dubai-c60005\/billets-pour-safari-premium-dans-le-desert-avec-bbq-fauconnerie-chameau-et-sandboarding-p974715?partner=dubaifacile\" target=\"_blank\" rel=\"nofollow noopener noreferrer\"> Clicca qui per saperne di pi\u00f9 su questa incredibile escursione<\/a>.<\/p>\n<p>Buon viaggio! <\/p>\n<p>Thibaut, del team Duba\u00ef Facile<\/p>","protected":false},"excerpt":{"rendered":"<p>Dans 7 minutes, vous allez recevoir le guide sp\u00e9cial Duba\u00ef par email. Lisez cette page en attendant, cela va vous int\u00e9resser: Vous aimeriez d\u00e9couvrir la meilleure activit\u00e9 \u00e0 faire \u00e0 Duba\u00ef ? Ne cherchez pas plus loin ! Je vous recommande un safari dans le d\u00e9sert de Duba\u00ef, une excursion o\u00f9 vous allez encha\u00eener les [&hellip;]<\/p>","protected":false},"author":1,"featured_media":0,"parent":0,"menu_order":0,"comment_status":"closed","ping_status":"closed","template":"page_landing.php","meta":{"om_disable_all_campaigns":true,"_genesis_hide_title":false,"_genesis_hide_breadcrumbs":false,"_genesis_hide_singular_image":false,"_genesis_hide_footer_widgets":false,"_genesis_custom_body_class":"","_genesis_custom_post_class":"","_genesis_layout":"","footnotes":""},"class_list":{"0":"post-1331","1":"page","2":"type-page","3":"status-publish","5":"entry"},"yoast_head":"<!-- This site is optimized with the Yoast SEO plugin v25.7 - https:\/\/yoast.com\/wordpress\/plugins\/seo\/ -->\n<title>L&#039;excursion \u00e0 ne surtout pas rater \u00e0 Duba\u00ef<\/title>\n<meta name=\"robots\" content=\"index, follow, max-snippet:-1, max-image-preview:large, max-video-preview:-1\" \/>\n<link rel=\"canonical\" href=\"https:\/\/dubaifacile.fr\/it\/grazie\/\" \/>\n<meta property=\"og:locale\" content=\"it_IT\" \/>\n<meta property=\"og:type\" content=\"article\" \/>\n<meta property=\"og:title\" content=\"L&#039;excursion \u00e0 ne surtout pas rater \u00e0 Duba\u00ef\" \/>\n<meta property=\"og:description\" content=\"Dans 7 minutes, vous allez recevoir le guide sp\u00e9cial Duba\u00ef par email. Lisez cette page en attendant, cela va vous int\u00e9resser: Vous aimeriez d\u00e9couvrir la meilleure activit\u00e9 \u00e0 faire \u00e0 Duba\u00ef ? Ne cherchez pas plus loin ! Je vous recommande un safari dans le d\u00e9sert de Duba\u00ef, une excursion o\u00f9 vous allez encha\u00eener les [&hellip;]\" \/>\n<meta property=\"og:url\" content=\"https:\/\/dubaifacile.fr\/it\/grazie\/\" \/>\n<meta property=\"og:site_name\" content=\"Duba\u00ef Facile\" \/>\n<meta property=\"article:modified_time\" content=\"2024-04-17T10:39:36+00:00\" \/>\n<meta property=\"og:image\" content=\"https:\/\/dubaifacile.fr\/wp-content\/uploads\/2024\/04\/montage-photo-excursion-dubai.png\" \/>\n<meta name=\"twitter:card\" content=\"summary_large_image\" \/>\n<meta name=\"twitter:label1\" content=\"Tempo di lettura stimato\" \/>\n\t<meta name=\"twitter:data1\" content=\"1 minuto\" \/>\n<script type=\"application\/ld+json\" class=\"yoast-schema-graph\">{\"@context\":\"https:\/\/schema.org\",\"@graph\":[{\"@type\":\"WebPage\",\"@id\":\"https:\/\/dubaifacile.fr\/merci\/\",\"url\":\"https:\/\/dubaifacile.fr\/merci\/\",\"name\":\"L'excursion \u00e0 ne surtout pas rater \u00e0 Duba\u00ef\",\"isPartOf\":{\"@id\":\"https:\/\/dubaifacile.fr\/#website\"},\"primaryImageOfPage\":{\"@id\":\"https:\/\/dubaifacile.fr\/merci\/#primaryimage\"},\"image\":{\"@id\":\"https:\/\/dubaifacile.fr\/merci\/#primaryimage\"},\"thumbnailUrl\":\"https:\/\/dubaifacile.fr\/wp-content\/uploads\/2024\/04\/montage-photo-excursion-dubai.png\",\"datePublished\":\"2024-04-17T09:13:18+00:00\",\"dateModified\":\"2024-04-17T10:39:36+00:00\",\"breadcrumb\":{\"@id\":\"https:\/\/dubaifacile.fr\/merci\/#breadcrumb\"},\"inLanguage\":\"it-IT\",\"potentialAction\":[{\"@type\":\"ReadAction\",\"target\":[\"https:\/\/dubaifacile.fr\/merci\/\"]}]},{\"@type\":\"ImageObject\",\"inLanguage\":\"it-IT\",\"@id\":\"https:\/\/dubaifacile.fr\/merci\/#primaryimage\",\"url\":\"https:\/\/dubaifacile.fr\/wp-content\/uploads\/2024\/04\/montage-photo-excursion-dubai.png\",\"contentUrl\":\"https:\/\/dubaifacile.fr\/wp-content\/uploads\/2024\/04\/montage-photo-excursion-dubai.png\"},{\"@type\":\"BreadcrumbList\",\"@id\":\"https:\/\/dubaifacile.fr\/merci\/#breadcrumb\",\"itemListElement\":[{\"@type\":\"ListItem\",\"position\":1,\"name\":\"Accueil\",\"item\":\"https:\/\/dubaifacile.fr\/\"},{\"@type\":\"ListItem\",\"position\":2,\"name\":\"L&rsquo;excursion \u00e0 ne surtout pas rater \u00e0 Duba\u00ef\"}]},{\"@type\":\"WebSite\",\"@id\":\"https:\/\/dubaifacile.fr\/#website\",\"url\":\"https:\/\/dubaifacile.fr\/\",\"name\":\"Duba\u00ef Facile\",\"description\":\"Tout pour visiter Duba\u00ef facilement en 2024\",\"potentialAction\":[{\"@type\":\"SearchAction\",\"target\":{\"@type\":\"EntryPoint\",\"urlTemplate\":\"https:\/\/dubaifacile.fr\/?s={search_term_string}\"},\"query-input\":{\"@type\":\"PropertyValueSpecification\",\"valueRequired\":true,\"valueName\":\"search_term_string\"}}],\"inLanguage\":\"it-IT\"}]}<\/script>\n<!-- \/ Yoast SEO plugin. -->","yoast_head_json":{"title":"L'escursione da non perdere a Dubai","robots":{"index":"index","follow":"follow","max-snippet":"max-snippet:-1","max-image-preview":"max-image-preview:large","max-video-preview":"max-video-preview:-1"},"canonical":"https:\/\/dubaifacile.fr\/it\/grazie\/","og_locale":"it_IT","og_type":"article","og_title":"L'excursion \u00e0 ne surtout pas rater \u00e0 Duba\u00ef","og_description":"Dans 7 minutes, vous allez recevoir le guide sp\u00e9cial Duba\u00ef par email. Lisez cette page en attendant, cela va vous int\u00e9resser: Vous aimeriez d\u00e9couvrir la meilleure activit\u00e9 \u00e0 faire \u00e0 Duba\u00ef ? Ne cherchez pas plus loin ! Je vous recommande un safari dans le d\u00e9sert de Duba\u00ef, une excursion o\u00f9 vous allez encha\u00eener les [&hellip;]","og_url":"https:\/\/dubaifacile.fr\/it\/grazie\/","og_site_name":"Duba\u00ef Facile","article_modified_time":"2024-04-17T10:39:36+00:00","og_image":[{"url":"https:\/\/dubaifacile.fr\/wp-content\/uploads\/2024\/04\/montage-photo-excursion-dubai.png","type":"","width":"","height":""}],"twitter_card":"summary_large_image","twitter_misc":{"Tempo di lettura stimato":"1 minuto"},"schema":{"@context":"https:\/\/schema.org","@graph":[{"@type":"WebPage","@id":"https:\/\/dubaifacile.fr\/merci\/","url":"https:\/\/dubaifacile.fr\/merci\/","name":"L'escursione da non perdere a Dubai","isPartOf":{"@id":"https:\/\/dubaifacile.fr\/#website"},"primaryImageOfPage":{"@id":"https:\/\/dubaifacile.fr\/merci\/#primaryimage"},"image":{"@id":"https:\/\/dubaifacile.fr\/merci\/#primaryimage"},"thumbnailUrl":"https:\/\/dubaifacile.fr\/wp-content\/uploads\/2024\/04\/montage-photo-excursion-dubai.png","datePublished":"2024-04-17T09:13:18+00:00","dateModified":"2024-04-17T10:39:36+00:00","breadcrumb":{"@id":"https:\/\/dubaifacile.fr\/merci\/#breadcrumb"},"inLanguage":"it-IT","potentialAction":[{"@type":"ReadAction","target":["https:\/\/dubaifacile.fr\/merci\/"]}]},{"@type":"ImageObject","inLanguage":"it-IT","@id":"https:\/\/dubaifacile.fr\/merci\/#primaryimage","url":"https:\/\/dubaifacile.fr\/wp-content\/uploads\/2024\/04\/montage-photo-excursion-dubai.png","contentUrl":"https:\/\/dubaifacile.fr\/wp-content\/uploads\/2024\/04\/montage-photo-excursion-dubai.png"},{"@type":"BreadcrumbList","@id":"https:\/\/dubaifacile.fr\/merci\/#breadcrumb","itemListElement":[{"@type":"ListItem","position":1,"name":"Accueil","item":"https:\/\/dubaifacile.fr\/"},{"@type":"ListItem","position":2,"name":"L&rsquo;excursion \u00e0 ne surtout pas rater \u00e0 Duba\u00ef"}]},{"@type":"WebSite","@id":"https:\/\/dubaifacile.fr\/#website","url":"https:\/\/dubaifacile.fr\/","name":"Dubai facile da gestire","description":"Tutto ci\u00f2 che serve per visitare facilmente Dubai nel 2024","potentialAction":[{"@type":"SearchAction","target":{"@type":"EntryPoint","urlTemplate":"https:\/\/dubaifacile.fr\/?s={search_term_string}"},"query-input":{"@type":"PropertyValueSpecification","valueRequired":true,"valueName":"search_term_string"}}],"inLanguage":"it-IT"}]}},"_links":{"self":[{"href":"https:\/\/dubaifacile.fr\/it\/wp-json\/wp\/v2\/pages\/1331","targetHints":{"allow":["GET"]}}],"collection":[{"href":"https:\/\/dubaifacile.fr\/it\/wp-json\/wp\/v2\/pages"}],"about":[{"href":"https:\/\/dubaifacile.fr\/it\/wp-json\/wp\/v2\/types\/page"}],"author":[{"embeddable":true,"href":"https:\/\/dubaifacile.fr\/it\/wp-json\/wp\/v2\/users\/1"}],"replies":[{"embeddable":true,"href":"https:\/\/dubaifacile.fr\/it\/wp-json\/wp\/v2\/comments?post=1331"}],"version-history":[{"count":0,"href":"https:\/\/dubaifacile.fr\/it\/wp-json\/wp\/v2\/pages\/1331\/revisions"}],"wp:attachment":[{"href":"https:\/\/dubaifacile.fr\/it\/wp-json\/wp\/v2\/media?parent=1331"}],"curies":[{"name":"wp","href":"https:\/\/api.w.org\/{rel}","templated":true}]}}